{"id":555,"date":"2021-08-29T04:34:49","date_gmt":"2021-08-29T04:34:49","guid":{"rendered":"https:\/\/sts.mx\/?page_id=555"},"modified":"2022-02-06T22:34:16","modified_gmt":"2022-02-06T22:34:16","slug":"aviso-de-privacidad","status":"publish","type":"page","link":"https:\/\/sts.mx\/index.php\/aviso-de-privacidad\/","title":{"rendered":"Aviso de Privacidad"},"content":{"rendered":"<div data-colibri-id=\"555-c1\" class=\"style-524 style-local-555-c1 position-relative\">\n  <!---->\n  <div data-colibri-component=\"section\" data-colibri-id=\"555-c2\" id=\"blank\" class=\"h-section h-section-global-spacing d-flex align-items-lg-center align-items-md-center align-items-center style-525 style-local-555-c2 position-relative\">\n    <!---->\n    <!---->\n    <div class=\"h-section-grid-container h-section-boxed-container\">\n      <!---->\n      <div data-colibri-id=\"555-c3\" class=\"h-row-container gutters-row-lg-2 gutters-row-md-2 gutters-row-0 gutters-row-v-lg-2 gutters-row-v-md-2 gutters-row-v-2 style-533 style-local-555-c3 position-relative\">\n        <!---->\n        <div class=\"h-row justify-content-lg-center justify-content-md-center justify-content-center align-items-lg-stretch align-items-md-stretch align-items-stretch gutters-col-lg-2 gutters-col-md-2 gutters-col-0 gutters-col-v-lg-2 gutters-col-v-md-2 gutters-col-v-2\">\n          <!---->\n          <div class=\"h-column h-column-container d-flex h-col-lg-auto h-col-md-auto h-col-auto style-534-outer style-local-555-c4-outer\">\n            <div data-colibri-id=\"555-c4\" class=\"d-flex h-flex-basis h-column__inner h-px-lg-2 h-px-md-2 h-px-2 v-inner-lg-2 v-inner-md-2 v-inner-2 style-534 style-local-555-c4 position-relative\">\n              <!---->\n              <!---->\n              <div class=\"w-100 h-y-container h-column__content h-column__v-align flex-basis-100 align-self-lg-start align-self-md-start align-self-start\">\n                <!---->\n                <div data-colibri-id=\"555-c5\" class=\"h-lead h-text h-text-component style-535 style-local-555-c5 position-relative h-element\">\n                  <!---->\n                  <!---->\n                  <div class=\"\">\n                    <p>El presente aviso de privacidad se emite en cumplimiento por lo dispuesto por el art\u00edculo 15 de la Ley Federal de Protecci\u00f3n de Datos Personales en Posesi\u00f3n de los Particulares, publicada el 5 de julio de 2010 en el Diario Oficial\n                      de la Federaci\u00f3n y se pone a disposici\u00f3n de los usuarios que entreguen datos o informaci\u00f3n personal a Singergia Telecomunicaciones y Soluciones Integrales S.A. de C.V.<\/p>\n                    <p>&nbsp;<\/p>\n                    <p>En nuestro car\u00e1cter de responsables en el tratamiento de datos personales, observamos los principios que marca la ley, de licitud, consentimiento, informaci\u00f3n, calidad, finalidad, lealtad, proporcionalidad y responsabilidad.&nbsp;<\/p>\n                    <p>&nbsp;<\/p>\n                    <p>1. Responsable de la protecci\u00f3n de sus Datos Personales. Sinergia Telecomunicaciones y Soluciones Integrales S.A. de C.V., con domicilio en Calle Leo 163-3, Colonia Prado Churubusco, alcald\u00eda Coyoac\u00e1n, CDMX, C.P. 04230; es responsable\n                      del tratamiento de sus datos personales.&nbsp;<\/p>\n                    <p>&nbsp;<\/p>\n                    <p>2. Forma y medios de contacto. Puede contactarnos, redactando un documento en idioma espa\u00f1ol, &nbsp;y hacerlo llegar por correo electr\u00f3nico a la siguiente direcci\u00f3n: contacto@sts.mx&nbsp;&nbsp;&nbsp;&nbsp;&nbsp;&nbsp;&nbsp;&nbsp;&nbsp;&nbsp;&nbsp;&nbsp;<\/p>\n                    <p>&nbsp;<\/p>\n                    <p>&nbsp;3. Fines de los Datos Personales recabados. Sus datos personales ser\u00e1n utilizados para fines de seguimiento, actualizaci\u00f3n y confirmaci\u00f3n en cuanto a los servicios contratados; con fines promocionales, estad\u00edsticos y de mercadotecnia;\n                      con fines de seguridad de las personas, dar cumplimiento a obligaciones contra\u00eddas con nuestros clientes, evaluar la calidad del servicio, realizar estudios sobre h\u00e1bitos de consumo y preferencias.&nbsp;<\/p>\n                    <p>&nbsp;<\/p>\n                    <p>4. Datos recabados y medios de obtenci\u00f3n de Datos Personales. Los datos personales que recabamos de usted con los fines descritos en el presente aviso de privacidad, son recabados de manera personal cuando usted nos los proporciona\n                      directamente o a trav\u00e9s de correo electr\u00f3nico, por v\u00eda de nuestras p\u00e1ginas electr\u00f3nicas y cuando obtenemos informaci\u00f3n a trav\u00e9s de otras fuentes que est\u00e1n permitidas por la Ley. Los datos que recabamos de manera directa y v\u00eda internet,\n                      pueden ser los siguientes: Nombre y apellidos, G\u00e9nero (masculino o femenino), imagen, fecha de nacimiento, pa\u00eds, tel\u00e9fono, correo electr\u00f3nico y direcci\u00f3n f\u00edsica. Toda vez que la Ley permite otras fuentes de allegarnos de informaci\u00f3n\n                      como lo son directorios telef\u00f3nicos, de servicios y laborales, los datos que por dichos medios podemos obtener son nombre y apellidos, tel\u00e9fono, correo electr\u00f3nico y direcci\u00f3n f\u00edsica. En cuanto a los datos financieros de conformidad\n                      con los art\u00edculos 8\u00b0, 10\u00b0 y 37\u00b0 de la Ley, no son considerados datos que requieran de su consentimiento expreso para ser utilizados.&nbsp;<\/p>\n                    <p>&nbsp;<\/p>\n                    <p>5. Limitaciones al uso de datos. Usted puede cancelar su suscripci\u00f3n para recibir promociones, ofertas y servicios de manera telef\u00f3nica, por correo electr\u00f3nico y v\u00eda correo postal haciendo llegar una carta escrita en idioma espa\u00f1ol\n                      donde indique su solicitud y los datos necesarios como lo son: Nombre completo (nombre o nombres y apellido o apellidos), copia simple de su identificaci\u00f3n oficial o, en medios electr\u00f3nicos, versi\u00f3n digitalizada de la misma (escaneo),\n                      tel\u00e9fono y direcci\u00f3n f\u00edsica o electr\u00f3nica para fines de notificaciones relacionadas al caso a la siguiente direcci\u00f3n electr\u00f3nica:&nbsp;&nbsp;contacto@sts.mx&nbsp;&nbsp;&nbsp;&nbsp;&nbsp;&nbsp;&nbsp;&nbsp;&nbsp;&nbsp;&nbsp;&nbsp;<\/p>\n                    <p>&nbsp;<\/p>\n                    <p>6. Derechos ARCO. Usted o su representante legal debidamente acreditado podr\u00e1n limitar el uso o divulgaci\u00f3n de sus datos personales; asimismo, a partir del 6 de enero de 2012 podr\u00e1 ejercer, cuando procedan, los derechos de acceso,\n                      rectificaci\u00f3n, cancelaci\u00f3n u oposici\u00f3n que la Ley prev\u00e9 mediante solicitud presentada en el correo electr\u00f3nico arriba se\u00f1alado; es importante mencionar que el ejercicio de cualquiera de dichos derechos no es requisito previo ni impide\n                      el ejercicio de otro derecho.&nbsp;<\/p>\n                    <p>&nbsp;<\/p>\n                    <p>&nbsp;<\/p>\n                    <p>7. Mecanismos para el ejercicio de los Derechos ARCO. Los Derechos antes descritos se ejercen a trav\u00e9s de la presentaci\u00f3n de la solicitud respectiva que en idioma espa\u00f1ol debe presentar de manera gratuita al correo electr\u00f3nico: contacto@sts.mx.\n                      El plazo para atender su solicitud ser\u00e1 en un m\u00e1ximo de cinco d\u00edas contados a partir de la fecha de recepci\u00f3n de su solicitud de acceso, rectificaci\u00f3n, cancelaci\u00f3n u oposici\u00f3n. Le hacemos patente que es el Instituto Federal de Acceso\n                      a la Informaci\u00f3n y Protecci\u00f3n de Datos Personales quien tiene encomendado velar por sus derechos ARCO y el encargado de regular y verificar la observancia de la Ley.<\/p>\n                    <p>&nbsp;<\/p>\n                    <p>8. Derecho de revocar su consentimiento para el tratamiento de datos.&nbsp;&nbsp;En todo tiempo, usted puede revocar el consentimiento que nos ha entregado para el tratamiento de sus datos personales con el prop\u00f3sito que se deje de\n                      hacer uso de los mismos, para ello es necesario que presente su petici\u00f3n seg\u00fan descrito en este mismo aviso en la parte de &#8220;Forma y medios de Contacto&#8221;. Su solicitud deber\u00e1 indicar Nombre completo (nombre o nombres y apellido o apellidos),\n                      copia simple de su identificaci\u00f3n oficial o, en medios electr\u00f3nicos, versi\u00f3n digitalizada de la misma (escaneo), indicaci\u00f3n del correo electr\u00f3nico o direcci\u00f3n f\u00edsica que designe para notificaciones y alg\u00fan n\u00famero telef\u00f3nico de contacto.\n                      En un plazo m\u00e1ximo de cinco d\u00edas contados a partir de la fecha de recepci\u00f3n de su solicitud de revocaci\u00f3n, le daremos contestaci\u00f3n sobre la procedencia de la misma por medio de correo electr\u00f3nico dirigido a su persona, enviado a\n                      la direcci\u00f3n de correo electr\u00f3nico que haya indicado en la propia solicitud o enviando carta al domicilio f\u00edsico que haya indicado a tales efectos (los cinco d\u00edas se dar\u00e1n por cumplidos al momento de entregar el documento al servicio\n                      postal).&nbsp;<\/p>\n                    <p>&nbsp;<\/p>\n                    <p>9. Datos personales sensibles. Hacemos de su conocimiento que, para cumplir con las finalidades detalladas en el Presente Aviso de Privacidad, en el caso de que sean recabados y tratados datos personales sensibles, como aquellos que\n                      refieren a parentesco, preferencia sexual, religi\u00f3n, creencias filos\u00f3ficas, condici\u00f3n f\u00edsica, estado de salud, discapacidad, fotograf\u00edas y documentos m\u00e9dicos, entre algunos otros, ser\u00e1n tratados conforme a la Ley.&nbsp;<\/p>\n                    <p>&nbsp;<\/p>\n                    <p>10. Consentimiento t\u00e1cito, en t\u00e9rminos del art\u00edculo octavo de la Ley. En caso que usted desee manifestar OPOSICI\u00d3N a que sus datos personales sean tratados conforme a lo establecido en el presente aviso de privacidad deber\u00e1 enviar\n                      su negativa por escrito en idioma espa\u00f1ol a la siguiente direcci\u00f3n electr\u00f3nica: contacto@sts.mx&nbsp;&nbsp;&nbsp;&nbsp;&nbsp;&nbsp;&nbsp;&nbsp;&nbsp;&nbsp;&nbsp;&nbsp;<\/p>\n                    <p>&nbsp;<\/p>\n                    <p>11. Modificaciones al aviso de privacidad. Cualquier modificaci\u00f3n al presente aviso le ser\u00e1 notificada a trav\u00e9s de cualquiera de los siguientes medios: un comunicado por escrito enviado a su domicilio o un mensaje enviado a su correo\n                      electr\u00f3nico o a su tel\u00e9fono m\u00f3vil; un mensaje dado a conocer a trav\u00e9s de https:\/\/sts.mx de cualquier medio electr\u00f3nico que utilice para celebrar operaciones con SINERGIA TELECOMUNICACIONES Y SOLUCIONES INTEGRALES S.A. DE C.V.<\/p>\n                  <\/div>\n                <\/div>\n              <\/div>\n            <\/div>\n          <\/div>\n        <\/div>\n      <\/div>\n    <\/div>\n  <\/div>\n<\/div>","protected":false},"excerpt":{"rendered":"<p>El presente aviso de privacidad se emite en cumplimiento por lo dispuesto por el art\u00edculo 15 de la Ley Federal de Protecci\u00f3n de Datos Personales en Posesi\u00f3n de los Particulares, publicada el 5 de julio de 2010 en el Diario Oficial de la Federaci\u00f3n y se pone a disposici\u00f3n de los usuarios que entreguen datos [&hellip;]<\/p>\n","protected":false},"author":1,"featured_media":0,"parent":0,"menu_order":0,"comment_status":"closed","ping_status":"closed","template":"page-templates\/full-width-page.php","meta":{"footnotes":""},"class_list":["post-555","page","type-page","status-publish","hentry"],"_links":{"self":[{"href":"https:\/\/sts.mx\/index.php\/wp-json\/wp\/v2\/pages\/555","targetHints":{"allow":["GET"]}}],"collection":[{"href":"https:\/\/sts.mx\/index.php\/wp-json\/wp\/v2\/pages"}],"about":[{"href":"https:\/\/sts.mx\/index.php\/wp-json\/wp\/v2\/types\/page"}],"author":[{"embeddable":true,"href":"https:\/\/sts.mx\/index.php\/wp-json\/wp\/v2\/users\/1"}],"replies":[{"embeddable":true,"href":"https:\/\/sts.mx\/index.php\/wp-json\/wp\/v2\/comments?post=555"}],"version-history":[{"count":5,"href":"https:\/\/sts.mx\/index.php\/wp-json\/wp\/v2\/pages\/555\/revisions"}],"predecessor-version":[{"id":722,"href":"https:\/\/sts.mx\/index.php\/wp-json\/wp\/v2\/pages\/555\/revisions\/722"}],"wp:attachment":[{"href":"https:\/\/sts.mx\/index.php\/wp-json\/wp\/v2\/media?parent=555"}],"curies":[{"name":"wp","href":"https:\/\/api.w.org\/{rel}","templated":true}]}}